{"id":2062,"date":"2017-05-11T14:24:26","date_gmt":"2017-05-11T14:24:26","guid":{"rendered":"http:\/\/themes.pixelwars.org\/oliver\/shop\/"},"modified":"2025-10-02T15:21:26","modified_gmt":"2025-10-02T13:21:26","slug":"shop","status":"publish","type":"page","link":"https:\/\/reperedelouest.com\/photographie\/shop\/","title":{"rendered":"Shop"},"content":{"rendered":"","protected":false},"excerpt":{"rendered":"","protected":false},"author":1,"featured_media":0,"parent":0,"menu_order":0,"comment_status":"closed","ping_status":"closed","template":"","meta":{"inline_featured_image":false,"_price":"","_stock":"","_tribe_ticket_header":"","_tribe_default_ticket_provider":"","_tribe_ticket_capacity":"0","_ticket_start_date":"","_ticket_end_date":"","_tribe_ticket_show_description":"","_tribe_ticket_show_not_going":false,"_tribe_ticket_use_global_stock":"","_tribe_ticket_global_stock_level":"","_global_stock_mode":"","_global_stock_cap":"","_tribe_rsvp_for_event":"","_tribe_ticket_going_count":"","_tribe_ticket_not_going_count":"","_tribe_tickets_list":"[]","_tribe_ticket_has_attendee_info_fields":false,"footnotes":"","_tec_slr_enabled":"","_tec_slr_layout":""},"class_list":["post-2062","page","type-page","status-publish","hentry"],"yoast_head":"<!-- This site is optimized with the Yoast SEO plugin v27.2 - https:\/\/yoast.com\/product\/yoast-seo-wordpress\/ -->\n<title>Shop - Rep\u00e8re de l&#039;Ouest Photographie<\/title>\n<meta name=\"robots\" content=\"index, follow, max-snippet:-1, max-image-preview:large, max-video-preview:-1\" \/>\n<link rel=\"canonical\" href=\"https:\/\/reperedelouest.com\/photographie\/shop\/\" \/>\n<meta property=\"og:locale\" content=\"fr_FR\" \/>\n<meta property=\"og:type\" content=\"article\" \/>\n<meta property=\"og:title\" content=\"Shop - Rep\u00e8re de l&#039;Ouest Photographie\" \/>\n<meta property=\"og:url\" content=\"https:\/\/reperedelouest.com\/photographie\/shop\/\" \/>\n<meta property=\"og:site_name\" content=\"Rep\u00e8re de l&#039;Ouest Photographie\" \/>\n<meta property=\"article:modified_time\" content=\"2025-10-02T13:21:26+00:00\" \/>\n<meta name=\"twitter:card\" content=\"summary_large_image\" \/>\n<script type=\"application\/ld+json\" class=\"yoast-schema-graph\">{\"@context\":\"https:\/\/schema.org\",\"@graph\":[{\"@type\":\"WebPage\",\"@id\":\"https:\/\/reperedelouest.com\/photographie\/shop\/\",\"url\":\"https:\/\/reperedelouest.com\/photographie\/shop\/\",\"name\":\"Shop - Rep\u00e8re de l&#039;Ouest Photographie\",\"isPartOf\":{\"@id\":\"https:\/\/reperedelouest.com\/photographie\/#website\"},\"datePublished\":\"2017-05-11T14:24:26+00:00\",\"dateModified\":\"2025-10-02T13:21:26+00:00\",\"breadcrumb\":{\"@id\":\"https:\/\/reperedelouest.com\/photographie\/shop\/#breadcrumb\"},\"inLanguage\":\"fr-FR\",\"potentialAction\":[{\"@type\":\"ReadAction\",\"target\":[\"https:\/\/reperedelouest.com\/photographie\/shop\/\"]}]},{\"@type\":\"BreadcrumbList\",\"@id\":\"https:\/\/reperedelouest.com\/photographie\/shop\/#breadcrumb\",\"itemListElement\":[{\"@type\":\"ListItem\",\"position\":1,\"name\":\"Accueil\",\"item\":\"https:\/\/reperedelouest.com\/photographie\/\"},{\"@type\":\"ListItem\",\"position\":2,\"name\":\"Shop\"}]},{\"@type\":\"WebSite\",\"@id\":\"https:\/\/reperedelouest.com\/photographie\/#website\",\"url\":\"https:\/\/reperedelouest.com\/photographie\/\",\"name\":\"Rep\u00e8re de l&#039;Ouest Photographie\",\"description\":\"Photographie drone \u00e0 Tr\u00e9beurden sur la C\u00f4te de Granit Rose | Yannick Aussedat\",\"publisher\":{\"@id\":\"https:\/\/reperedelouest.com\/photographie\/#organization\"},\"potentialAction\":[{\"@type\":\"SearchAction\",\"target\":{\"@type\":\"EntryPoint\",\"urlTemplate\":\"https:\/\/reperedelouest.com\/photographie\/?s={search_term_string}\"},\"query-input\":{\"@type\":\"PropertyValueSpecification\",\"valueRequired\":true,\"valueName\":\"search_term_string\"}}],\"inLanguage\":\"fr-FR\"},{\"@type\":\"Organization\",\"@id\":\"https:\/\/reperedelouest.com\/photographie\/#organization\",\"name\":\"Rep\u00e8re de l&#039;Ouest Photographie\",\"url\":\"https:\/\/reperedelouest.com\/photographie\/\",\"logo\":{\"@type\":\"ImageObject\",\"inLanguage\":\"fr-FR\",\"@id\":\"https:\/\/reperedelouest.com\/photographie\/#\/schema\/logo\/image\/\",\"url\":\"https:\/\/reperedelouest.com\/photographie\/wp-content\/uploads\/2025\/02\/logo-rdo-photographie-1.png\",\"contentUrl\":\"https:\/\/reperedelouest.com\/photographie\/wp-content\/uploads\/2025\/02\/logo-rdo-photographie-1.png\",\"width\":800,\"height\":300,\"caption\":\"Rep\u00e8re de l&#039;Ouest Photographie\"},\"image\":{\"@id\":\"https:\/\/reperedelouest.com\/photographie\/#\/schema\/logo\/image\/\"}}]}<\/script>\n<!-- \/ Yoast SEO plugin. -->","yoast_head_json":{"title":"Shop - Rep\u00e8re de l&#039;Ouest Photographie","robots":{"index":"index","follow":"follow","max-snippet":"max-snippet:-1","max-image-preview":"max-image-preview:large","max-video-preview":"max-video-preview:-1"},"canonical":"https:\/\/reperedelouest.com\/photographie\/shop\/","og_locale":"fr_FR","og_type":"article","og_title":"Shop - Rep\u00e8re de l&#039;Ouest Photographie","og_url":"https:\/\/reperedelouest.com\/photographie\/shop\/","og_site_name":"Rep\u00e8re de l&#039;Ouest Photographie","article_modified_time":"2025-10-02T13:21:26+00:00","twitter_card":"summary_large_image","schema":{"@context":"https:\/\/schema.org","@graph":[{"@type":"WebPage","@id":"https:\/\/reperedelouest.com\/photographie\/shop\/","url":"https:\/\/reperedelouest.com\/photographie\/shop\/","name":"Shop - Rep\u00e8re de l&#039;Ouest Photographie","isPartOf":{"@id":"https:\/\/reperedelouest.com\/photographie\/#website"},"datePublished":"2017-05-11T14:24:26+00:00","dateModified":"2025-10-02T13:21:26+00:00","breadcrumb":{"@id":"https:\/\/reperedelouest.com\/photographie\/shop\/#breadcrumb"},"inLanguage":"fr-FR","potentialAction":[{"@type":"ReadAction","target":["https:\/\/reperedelouest.com\/photographie\/shop\/"]}]},{"@type":"BreadcrumbList","@id":"https:\/\/reperedelouest.com\/photographie\/shop\/#breadcrumb","itemListElement":[{"@type":"ListItem","position":1,"name":"Accueil","item":"https:\/\/reperedelouest.com\/photographie\/"},{"@type":"ListItem","position":2,"name":"Shop"}]},{"@type":"WebSite","@id":"https:\/\/reperedelouest.com\/photographie\/#website","url":"https:\/\/reperedelouest.com\/photographie\/","name":"Rep\u00e8re de l&#039;Ouest Photographie","description":"Photographie drone \u00e0 Tr\u00e9beurden sur la C\u00f4te de Granit Rose | Yannick Aussedat","publisher":{"@id":"https:\/\/reperedelouest.com\/photographie\/#organization"},"potentialAction":[{"@type":"SearchAction","target":{"@type":"EntryPoint","urlTemplate":"https:\/\/reperedelouest.com\/photographie\/?s={search_term_string}"},"query-input":{"@type":"PropertyValueSpecification","valueRequired":true,"valueName":"search_term_string"}}],"inLanguage":"fr-FR"},{"@type":"Organization","@id":"https:\/\/reperedelouest.com\/photographie\/#organization","name":"Rep\u00e8re de l&#039;Ouest Photographie","url":"https:\/\/reperedelouest.com\/photographie\/","logo":{"@type":"ImageObject","inLanguage":"fr-FR","@id":"https:\/\/reperedelouest.com\/photographie\/#\/schema\/logo\/image\/","url":"https:\/\/reperedelouest.com\/photographie\/wp-content\/uploads\/2025\/02\/logo-rdo-photographie-1.png","contentUrl":"https:\/\/reperedelouest.com\/photographie\/wp-content\/uploads\/2025\/02\/logo-rdo-photographie-1.png","width":800,"height":300,"caption":"Rep\u00e8re de l&#039;Ouest Photographie"},"image":{"@id":"https:\/\/reperedelouest.com\/photographie\/#\/schema\/logo\/image\/"}}]}},"ticketed":false,"_links":{"self":[{"href":"https:\/\/reperedelouest.com\/photographie\/wp-json\/wp\/v2\/pages\/2062","targetHints":{"allow":["GET"]}}],"collection":[{"href":"https:\/\/reperedelouest.com\/photographie\/wp-json\/wp\/v2\/pages"}],"about":[{"href":"https:\/\/reperedelouest.com\/photographie\/wp-json\/wp\/v2\/types\/page"}],"author":[{"embeddable":true,"href":"https:\/\/reperedelouest.com\/photographie\/wp-json\/wp\/v2\/users\/1"}],"replies":[{"embeddable":true,"href":"https:\/\/reperedelouest.com\/photographie\/wp-json\/wp\/v2\/comments?post=2062"}],"version-history":[{"count":1,"href":"https:\/\/reperedelouest.com\/photographie\/wp-json\/wp\/v2\/pages\/2062\/revisions"}],"predecessor-version":[{"id":3364,"href":"https:\/\/reperedelouest.com\/photographie\/wp-json\/wp\/v2\/pages\/2062\/revisions\/3364"}],"wp:attachment":[{"href":"https:\/\/reperedelouest.com\/photographie\/wp-json\/wp\/v2\/media?parent=2062"}],"curies":[{"name":"wp","href":"https:\/\/api.w.org\/{rel}","templated":true}]}}